{"id":8305,"date":"2023-06-13T19:11:00","date_gmt":"2023-06-13T17:11:00","guid":{"rendered":"https:\/\/www.siochou-legal.de\/?page_id=8305"},"modified":"2025-09-10T11:29:10","modified_gmt":"2025-09-10T09:29:10","slug":"legal-notice","status":"publish","type":"page","link":"https:\/\/www.siochou-legal.de\/en\/legal-notice\/","title":{"rendered":"Legal Notice"},"content":{"rendered":"\t\t<div data-elementor-type=\"wp-page\" data-elementor-id=\"8305\" class=\"elementor elementor-8305 elementor-6387\" data-elementor-post-type=\"page\">\n\t\t\t\t<div class=\"elementor-element elementor-element-c0970bc e-flex e-con-boxed e-con e-parent\" data-id=\"c0970bc\" data-element_type=\"container\" data-e-type=\"container\" data-settings=\"{&quot;background_background&quot;:&quot;gradient&quot;,&quot;shape_divider_bottom&quot;:&quot;triangle-asymmetrical&quot;,&quot;shape_divider_bottom_negative&quot;:&quot;yes&quot;}\">\n\t\t\t\t\t<div class=\"e-con-inner\">\n\t\t\t\t<div class=\"elementor-shape elementor-shape-bottom\" aria-hidden=\"true\" data-negative=\"true\">\n\t\t\t<svg xmlns=\"http:\/\/www.w3.org\/2000\/svg\" viewBox=\"0 0 1000 100\" preserveAspectRatio=\"none\">\n\t<path class=\"elementor-shape-fill\" d=\"M737.9,94.7L0,0v100h1000V0L737.9,94.7z\"\/>\n<\/svg>\t\t<\/div>\n\t\t<div class=\"elementor-element elementor-element-1e7b3c3 e-con-full e-flex e-con e-child\" data-id=\"1e7b3c3\" data-element_type=\"container\" data-e-type=\"container\" data-settings=\"{&quot;motion_fx_motion_fx_scrolling&quot;:&quot;yes&quot;,&quot;motion_fx_devices&quot;:[&quot;desktop&quot;,&quot;laptop&quot;,&quot;tablet&quot;,&quot;mobile&quot;]}\">\n\t\t\t\t<div class=\"elementor-element elementor-element-403b3d8 elementor-invisible elementor-widget elementor-widget-heading\" data-id=\"403b3d8\" data-element_type=\"widget\" data-e-type=\"widget\" data-settings=\"{&quot;_animation&quot;:&quot;fadeInUp&quot;,&quot;_animation_delay&quot;:500}\" data-widget_type=\"heading.default\">\n\t\t\t\t<div class=\"elementor-widget-container\">\n\t\t\t\t\t<h1 class=\"elementor-heading-title elementor-size-xxl\">Impressum<\/h1>\t\t\t\t<\/div>\n\t\t\t\t<\/div>\n\t\t\t\t<\/div>\n\t\t\t\t\t<\/div>\n\t\t\t\t<\/div>\n\t\t<div class=\"elementor-element elementor-element-8b0de00 e-flex e-con-boxed e-con e-parent\" data-id=\"8b0de00\" data-element_type=\"container\" data-e-type=\"container\">\n\t\t\t\t\t<div class=\"e-con-inner\">\n\t\t\t\t<div class=\"elementor-element elementor-element-57b99f5 elementor-widget elementor-widget-text-editor\" data-id=\"57b99f5\" data-element_type=\"widget\" data-e-type=\"widget\" data-widget_type=\"text-editor.default\">\n\t\t\t\t<div class=\"elementor-widget-container\">\n\t\t\t\t\t\t\t\t\t<h2>Angaben gem\u00e4\u00df \u00a7\u202f5 DDG:<\/h2><p>Rechtsanw\u00e4ltin Vassiliki Siochou<br \/>Rechtsanw\u00e4ltin (Berufsbezeichnung nach deutschem Recht)<\/p><h2>Postanschrift<\/h2><p>Unter den Linden 21<br \/>10117 Berlin<\/p><h2>Kontakt<\/h2><p>Telefon: +49 (0)30-7543 9567<br \/>Fax: +49 (0)30-7543 8853<br \/>E-Mail: <span class=\"ui-provider eu bnq vy bnr bns bnt bnu bnv bnw bnx bny bnz boa bob boc bod boe bof bog boh boi boj bok bol bom bon boo bop boq bor bos bot bou bov bow\" dir=\"ltr\">mail @ siochou-legal.de<\/span><\/p><h2>Umsatzsteuer-ID<\/h2><p>DE285380201<br \/>(Finanzamt Mitte-Tiergarten)<\/p><h2>Zust\u00e4ndige Kammer<\/h2><p>Rechtsanwaltskammer Berlin<br \/>Littenstra\u00dfe 9<br \/>10179 Berlin<br \/>Telefon: +49 (0) 30 306 931 \u2013 0<br \/>Telefax: +49 (0) 30 306 931 99<br \/>E-Mail: <a class=\"inhalt\" title=\"info@rak-berlin.de\" href=\"mailto:info@rak-berlin.de\">info@rak-berlin.de<\/a><\/p><p>Es gelten folgende Geb\u00fchren- und Berufsordnungen:<\/p><ul><li>BRAO \u2013 Bundesrechtsanwaltsordnung<\/li><li>BORA \u2013 Berufsordnung der Rechtsanw\u00e4lte<\/li><li>RVG \u2013 Rechtsanwaltsverg\u00fctungsgesetz<\/li><li>Berufsregeln f\u00fcr Rechtsanw\u00e4lte in der EU<\/li><\/ul><p>Die Inhalte der genannten Vorschriften wurden im Bundesgesetzblatt ver\u00f6ffentlicht und sind \u00fcber die Rechtsanwaltskammer bzw. die Internetseite der Bundesrechtsanwaltskammer (www.brak.de) zu beziehen.<\/p><h2><strong>Allgemeine Informationspflicht nach \u00a7 36 VSBG<\/strong><\/h2><p>Zust\u00e4ndige Verbraucherschlichtungsstelle: F\u00fcr verm\u00f6gensrechtliche Streitigkeiten aus dem Mandatsverh\u00e4ltnis ist die Schlichtungsstelle der Rechtsanwaltschaft, Rauchstra\u00dfe 26, 10787 Berlin, <a href=\"http:\/\/www.s-d-r.org\" target=\"_blank\" rel=\"nofollow noopener\">www.s-d-r.org<\/a> zust\u00e4ndig. Rechtsanw\u00e4ltin Vassiliki Siochou ist grunds\u00e4tzlich bereit, an Streitbeilegungsverfahren bei der Schlichtungsstelle der Rechtsanwaltschaft teilzunehmen.<\/p><p>Plattform der EU-Kommission zur Online-Streitbeilegung: <a href=\"http:\/\/www.ec.europa.eu\/consumers\/odr\" target=\"_blank\" rel=\"nofollow noopener\">www.ec.europa.eu\/consumers\/odr<\/a><\/p><h2>Die Verm\u00f6genshaftpflichtversicherung wurde abgeschlossen bei:<\/h2><p>R + V Versicherungen<br \/>1.000.000,- \u20ac je Schadensfall<\/p><p>Geltungsbereich des Versicherungsschutzes: EU-weit<\/p><h2>Urheberrechtliche Hinweise<\/h2><ul><li>Inhalte und Strategie: <a title=\"Digitalagentur rethink digital\" href=\"https:\/\/rethinkdigital.io\/\" target=\"_blank\" rel=\"noopener\">rethink digital<\/a><\/li><li>Webdesign: <a href=\"https:\/\/www.kleinwerkstatt.com\/\" target=\"_blank\" rel=\"noopener\">KLEINWERKSTATT Freelance Mediadesign<\/a><\/li><li>Portraits: <a href=\"https:\/\/www.jordannwood.com\/\" target=\"_blank\" rel=\"noopener\">Jordann Wood<\/a><\/li><\/ul><p>Verantwortlich f\u00fcr die journalistisch-redaktionelle Inhalte ist: Vassiliki Siochou<\/p><p><em>Das Impressum wurde mit dem <a href=\"https:\/\/www.activemind.de\/datenschutz\/impressums-generator\/\" target=\"_blank\" rel=\"noopener\">Impressums-Generator der activeMind AG<\/a> erstellt.<\/em><\/p>\t\t\t\t\t\t\t\t<\/div>\n\t\t\t\t<\/div>\n\t\t\t\t\t<\/div>\n\t\t\t\t<\/div>\n\t\t\t\t<\/div>\n\t\t","protected":false},"excerpt":{"rendered":"<p>Impressum Angaben gem\u00e4\u00df \u00a7\u202f5 DDG: Rechtsanw\u00e4ltin Vassiliki Siochou Rechtsanw\u00e4ltin (Berufsbezeichnung nach deutschem Recht) Postanschrift Unter den Linden 21 10117 Berlin Kontakt Telefon: +49 (0)30-7543 9567 Fax: +49 (0)30-7543 8853 E-Mail: mail @ siochou-legal.de Umsatzsteuer-ID DE285380201 (Finanzamt Mitte-Tiergarten) Zust\u00e4ndige Kammer Rechtsanwaltskammer Berlin Littenstra\u00dfe 9 10179 Berlin Telefon: +49 (0) 30 306 931 \u2013 0 Telefax: +49 [&hellip;]<\/p>\n","protected":false},"author":2,"featured_media":0,"parent":0,"menu_order":0,"comment_status":"closed","ping_status":"closed","template":"","meta":{"footnotes":""},"class_list":["post-8305","page","type-page","status-publish","hentry"],"yoast_head":"<!-- This site is optimized with the Yoast SEO plugin v27.0 - https:\/\/yoast.com\/product\/yoast-seo-wordpress\/ -->\n<title>Legal Notice | Siochou Legal<\/title>\n<meta name=\"robots\" content=\"index, follow, max-snippet:-1, max-image-preview:large, max-video-preview:-1\" \/>\n<link rel=\"canonical\" href=\"https:\/\/www.siochou-legal.de\/en\/legal-notice\/\" \/>\n<meta property=\"og:locale\" content=\"en_US\" \/>\n<meta property=\"og:type\" content=\"article\" \/>\n<meta property=\"og:title\" content=\"Legal Notice | Siochou Legal\" \/>\n<meta property=\"og:description\" content=\"Impressum Angaben gem\u00e4\u00df \u00a7\u202f5 DDG: Rechtsanw\u00e4ltin Vassiliki Siochou Rechtsanw\u00e4ltin (Berufsbezeichnung nach deutschem Recht) Postanschrift Unter den Linden 21 10117 Berlin Kontakt Telefon: +49 (0)30-7543 9567 Fax: +49 (0)30-7543 8853 E-Mail: mail @ siochou-legal.de Umsatzsteuer-ID DE285380201 (Finanzamt Mitte-Tiergarten) Zust\u00e4ndige Kammer Rechtsanwaltskammer Berlin Littenstra\u00dfe 9 10179 Berlin Telefon: +49 (0) 30 306 931 \u2013 0 Telefax: +49 [&hellip;]\" \/>\n<meta property=\"og:url\" content=\"https:\/\/www.siochou-legal.de\/en\/legal-notice\/\" \/>\n<meta property=\"og:site_name\" content=\"Siochou Legal\" \/>\n<meta property=\"article:modified_time\" content=\"2025-09-10T09:29:10+00:00\" \/>\n<meta name=\"twitter:card\" content=\"summary_large_image\" \/>\n<meta name=\"twitter:label1\" content=\"Est. reading time\" \/>\n\t<meta name=\"twitter:data1\" content=\"2 minutes\" \/>\n<script type=\"application\/ld+json\" class=\"yoast-schema-graph\">{\"@context\":\"https:\/\/schema.org\",\"@graph\":[{\"@type\":\"WebPage\",\"@id\":\"https:\/\/www.siochou-legal.de\/en\/legal-notice\/\",\"url\":\"https:\/\/www.siochou-legal.de\/en\/legal-notice\/\",\"name\":\"Legal Notice | Siochou Legal\",\"isPartOf\":{\"@id\":\"https:\/\/www.siochou-legal.de\/en\/#website\"},\"datePublished\":\"2023-06-13T17:11:00+00:00\",\"dateModified\":\"2025-09-10T09:29:10+00:00\",\"breadcrumb\":{\"@id\":\"https:\/\/www.siochou-legal.de\/en\/legal-notice\/#breadcrumb\"},\"inLanguage\":\"en-US\",\"potentialAction\":[{\"@type\":\"ReadAction\",\"target\":[\"https:\/\/www.siochou-legal.de\/en\/legal-notice\/\"]}]},{\"@type\":\"BreadcrumbList\",\"@id\":\"https:\/\/www.siochou-legal.de\/en\/legal-notice\/#breadcrumb\",\"itemListElement\":[{\"@type\":\"ListItem\",\"position\":1,\"name\":\"Start\",\"item\":\"https:\/\/www.siochou-legal.de\/en\/\"},{\"@type\":\"ListItem\",\"position\":2,\"name\":\"Legal Notice\"}]},{\"@type\":\"WebSite\",\"@id\":\"https:\/\/www.siochou-legal.de\/en\/#website\",\"url\":\"https:\/\/www.siochou-legal.de\/en\/\",\"name\":\"Siochou Legal\",\"description\":\"\",\"publisher\":{\"@id\":\"https:\/\/www.siochou-legal.de\/en\/#organization\"},\"alternateName\":\"Vassiliki Siochou\",\"potentialAction\":[{\"@type\":\"SearchAction\",\"target\":{\"@type\":\"EntryPoint\",\"urlTemplate\":\"https:\/\/www.siochou-legal.de\/en\/?s={search_term_string}\"},\"query-input\":{\"@type\":\"PropertyValueSpecification\",\"valueRequired\":true,\"valueName\":\"search_term_string\"}}],\"inLanguage\":\"en-US\"},{\"@type\":\"Organization\",\"@id\":\"https:\/\/www.siochou-legal.de\/en\/#organization\",\"name\":\"Siochou Legal\",\"alternateName\":\"Rechtsanw\u00e4ltin Vassiliki Siochou\",\"url\":\"https:\/\/www.siochou-legal.de\/en\/\",\"logo\":{\"@type\":\"ImageObject\",\"inLanguage\":\"en-US\",\"@id\":\"https:\/\/www.siochou-legal.de\/en\/#\/schema\/logo\/image\/\",\"url\":\"https:\/\/www.siochou-legal.de\/wp-content\/uploads\/vs-siochou-legal-logo.svg\",\"contentUrl\":\"https:\/\/www.siochou-legal.de\/wp-content\/uploads\/vs-siochou-legal-logo.svg\",\"width\":269,\"height\":102,\"caption\":\"Siochou Legal\"},\"image\":{\"@id\":\"https:\/\/www.siochou-legal.de\/en\/#\/schema\/logo\/image\/\"}}]}<\/script>\n<!-- \/ Yoast SEO plugin. -->","yoast_head_json":{"title":"Legal Notice | Siochou Legal","robots":{"index":"index","follow":"follow","max-snippet":"max-snippet:-1","max-image-preview":"max-image-preview:large","max-video-preview":"max-video-preview:-1"},"canonical":"https:\/\/www.siochou-legal.de\/en\/legal-notice\/","og_locale":"en_US","og_type":"article","og_title":"Legal Notice | Siochou Legal","og_description":"Impressum Angaben gem\u00e4\u00df \u00a7\u202f5 DDG: Rechtsanw\u00e4ltin Vassiliki Siochou Rechtsanw\u00e4ltin (Berufsbezeichnung nach deutschem Recht) Postanschrift Unter den Linden 21 10117 Berlin Kontakt Telefon: +49 (0)30-7543 9567 Fax: +49 (0)30-7543 8853 E-Mail: mail @ siochou-legal.de Umsatzsteuer-ID DE285380201 (Finanzamt Mitte-Tiergarten) Zust\u00e4ndige Kammer Rechtsanwaltskammer Berlin Littenstra\u00dfe 9 10179 Berlin Telefon: +49 (0) 30 306 931 \u2013 0 Telefax: +49 [&hellip;]","og_url":"https:\/\/www.siochou-legal.de\/en\/legal-notice\/","og_site_name":"Siochou Legal","article_modified_time":"2025-09-10T09:29:10+00:00","twitter_card":"summary_large_image","twitter_misc":{"Est. reading time":"2 minutes"},"schema":{"@context":"https:\/\/schema.org","@graph":[{"@type":"WebPage","@id":"https:\/\/www.siochou-legal.de\/en\/legal-notice\/","url":"https:\/\/www.siochou-legal.de\/en\/legal-notice\/","name":"Legal Notice | Siochou Legal","isPartOf":{"@id":"https:\/\/www.siochou-legal.de\/en\/#website"},"datePublished":"2023-06-13T17:11:00+00:00","dateModified":"2025-09-10T09:29:10+00:00","breadcrumb":{"@id":"https:\/\/www.siochou-legal.de\/en\/legal-notice\/#breadcrumb"},"inLanguage":"en-US","potentialAction":[{"@type":"ReadAction","target":["https:\/\/www.siochou-legal.de\/en\/legal-notice\/"]}]},{"@type":"BreadcrumbList","@id":"https:\/\/www.siochou-legal.de\/en\/legal-notice\/#breadcrumb","itemListElement":[{"@type":"ListItem","position":1,"name":"Start","item":"https:\/\/www.siochou-legal.de\/en\/"},{"@type":"ListItem","position":2,"name":"Legal Notice"}]},{"@type":"WebSite","@id":"https:\/\/www.siochou-legal.de\/en\/#website","url":"https:\/\/www.siochou-legal.de\/en\/","name":"Siochou Legal","description":"","publisher":{"@id":"https:\/\/www.siochou-legal.de\/en\/#organization"},"alternateName":"Vassiliki Siochou","potentialAction":[{"@type":"SearchAction","target":{"@type":"EntryPoint","urlTemplate":"https:\/\/www.siochou-legal.de\/en\/?s={search_term_string}"},"query-input":{"@type":"PropertyValueSpecification","valueRequired":true,"valueName":"search_term_string"}}],"inLanguage":"en-US"},{"@type":"Organization","@id":"https:\/\/www.siochou-legal.de\/en\/#organization","name":"Siochou Legal","alternateName":"Rechtsanw\u00e4ltin Vassiliki Siochou","url":"https:\/\/www.siochou-legal.de\/en\/","logo":{"@type":"ImageObject","inLanguage":"en-US","@id":"https:\/\/www.siochou-legal.de\/en\/#\/schema\/logo\/image\/","url":"https:\/\/www.siochou-legal.de\/wp-content\/uploads\/vs-siochou-legal-logo.svg","contentUrl":"https:\/\/www.siochou-legal.de\/wp-content\/uploads\/vs-siochou-legal-logo.svg","width":269,"height":102,"caption":"Siochou Legal"},"image":{"@id":"https:\/\/www.siochou-legal.de\/en\/#\/schema\/logo\/image\/"}}]}},"_links":{"self":[{"href":"https:\/\/www.siochou-legal.de\/en\/wp-json\/wp\/v2\/pages\/8305","targetHints":{"allow":["GET"]}}],"collection":[{"href":"https:\/\/www.siochou-legal.de\/en\/wp-json\/wp\/v2\/pages"}],"about":[{"href":"https:\/\/www.siochou-legal.de\/en\/wp-json\/wp\/v2\/types\/page"}],"author":[{"embeddable":true,"href":"https:\/\/www.siochou-legal.de\/en\/wp-json\/wp\/v2\/users\/2"}],"replies":[{"embeddable":true,"href":"https:\/\/www.siochou-legal.de\/en\/wp-json\/wp\/v2\/comments?post=8305"}],"version-history":[{"count":1,"href":"https:\/\/www.siochou-legal.de\/en\/wp-json\/wp\/v2\/pages\/8305\/revisions"}],"predecessor-version":[{"id":8306,"href":"https:\/\/www.siochou-legal.de\/en\/wp-json\/wp\/v2\/pages\/8305\/revisions\/8306"}],"wp:attachment":[{"href":"https:\/\/www.siochou-legal.de\/en\/wp-json\/wp\/v2\/media?parent=8305"}],"curies":[{"name":"wp","href":"https:\/\/api.w.org\/{rel}","templated":true}]}}